{"id":1530,"date":"2020-10-21T19:25:05","date_gmt":"2020-10-21T19:25:05","guid":{"rendered":"http:\/\/magdalenanowobilska.pl\/?page_id=1530"},"modified":"2025-05-08T10:07:53","modified_gmt":"2025-05-08T10:07:53","slug":"contact","status":"publish","type":"page","link":"http:\/\/magdalenanowobilska.pl\/index.php\/contact\/","title":{"rendered":"Kontakt"},"content":{"rendered":"<p><div class=\"fusion-fullwidth fullwidth-box fusion-builder-row-1 fusion-flex-container has-pattern-background has-mask-background fusion-parallax-none hundred-percent-fullwidth hundred-percent-height hundred-percent-height-center-content non-hundred-percent-height-scrolling lazyload\" style=\"--awb-border-radius-top-left:0px;--awb-border-radius-top-right:0px;--awb-border-radius-bottom-right:0px;--awb-border-radius-bottom-left:0px;--awb-background-image:linear-gradient(360deg, #dbb8ff 24%,rgba(255,255,255,0) 75%);;--awb-background-size:cover;--awb-flex-wrap:wrap;\" data-bg=\"http:\/\/magdalenanowobilska.pl\/wp-content\/uploads\/2025\/05\/vonecia-carswell-0aMMMUjiiEQ-unsplash-scaled.jpg\" data-bg-gradient=\"linear-gradient(360deg, #dbb8ff 24%,rgba(255,255,255,0) 75%)\" ><div class=\"fusion-builder-row fusion-row fusion-flex-align-items-flex-start fusion-flex-content-wrap\" style=\"width:105% !important;max-width:105% !important;margin-left: calc(-5% \/ 2 );margin-right: calc(-5% \/ 2 );\"><div class=\"fusion-layout-column fusion_builder_column fusion-builder-column-0 fusion_builder_column_1_1 1_1 fusion-flex-column\" style=\"--awb-bg-size:cover;--awb-width-large:100%;--awb-margin-top-large:0px;--awb-spacing-right-large:2.375%;--awb-margin-bottom-large:20px;--awb-spacing-left-large:2.375%;--awb-width-medium:100%;--awb-order-medium:0;--awb-spacing-right-medium:2.375%;--awb-spacing-left-medium:2.375%;--awb-width-small:100%;--awb-order-small:0;--awb-spacing-right-small:2.375%;--awb-spacing-left-small:2.375%;\"><div class=\"fusion-column-wrapper fusion-column-has-shadow fusion-flex-justify-content-flex-start fusion-content-layout-column\"><div class=\"fusion-title title fusion-title-1 fusion-sep-none fusion-title-center fusion-title-text fusion-title-size-one\" style=\"--awb-text-color:#ffffff;--awb-margin-top:150px;--awb-margin-right:50px;--awb-font-size:90px;\"><h1 class=\"fusion-title-heading title-heading-center fusion-responsive-typography-calculated\" style=\"font-family:&quot;Poppins&quot;;font-style:normal;font-weight:700;margin:0;font-size:1em;--fontSize:90;line-height:1.2;\">Napisz co Ci\u0119 trapii..<\/h1><\/div><\/div><\/div><\/div><\/div><div class=\"fusion-fullwidth fullwidth-box fusion-builder-row-2 fusion-flex-container has-pattern-background has-mask-background nonhundred-percent-fullwidth non-hundred-percent-height-scrolling\" style=\"--awb-background-position:center top;--awb-background-repeat:repeat-x;--awb-border-sizes-left:3vw;--awb-border-sizes-right:3vw;--awb-border-color:#ffffff;--awb-border-radius-top-left:0px;--awb-border-radius-top-right:0px;--awb-border-radius-bottom-right:0px;--awb-border-radius-bottom-left:0px;--awb-padding-top:0px;--awb-padding-right:7vw;--awb-padding-bottom:10vw;--awb-padding-left:7vw;--awb-padding-bottom-medium:8vw;--awb-padding-bottom-small:14vw;--awb-margin-bottom:20px;--awb-background-color:#dbb8ff;--awb-flex-wrap:wrap;\" ><div class=\"fusion-builder-row fusion-row fusion-flex-align-items-flex-start fusion-flex-content-wrap\" style=\"max-width:calc( 1300px + 7vw );margin-left: calc(-7vw \/ 2 );margin-right: calc(-7vw \/ 2 );\"><div class=\"fusion-layout-column fusion_builder_column fusion-builder-column-1 fusion_builder_column_3_5 3_5 fusion-flex-column fusion-animated\" style=\"--awb-bg-size:cover;--awb-width-large:60%;--awb-margin-top-large:0px;--awb-spacing-right-large:calc( 0.083333333333333 * calc( 100% - 7vw ) );--awb-margin-bottom-large:0px;--awb-spacing-left-large:3.5vw;--awb-width-medium:100%;--awb-spacing-right-medium:3.5vw;--awb-spacing-left-medium:3.5vw;--awb-width-small:100%;--awb-spacing-right-small:3.5vw;--awb-margin-bottom-small:9vw;--awb-spacing-left-small:3.5vw;\" data-animationType=\"fadeInUp\" data-animationDuration=\"1.3\" data-animationOffset=\"top-into-view\"><div class=\"fusion-column-wrapper fusion-column-has-shadow fusion-flex-justify-content-center fusion-content-layout-column\"><div class=\"fusion-form fusion-form-builder fusion-form-form-wrapper fusion-form-1628\" style=\"--awb-tooltip-text-color:#ffffff;--awb-tooltip-background-color:#333333;--awb-form-label-color:#ffffff;--awb-form-border-color:rgba(226,226,226,0);\" data-form-id=\"1628\" data-config=\"{&quot;form_id&quot;:&quot;1628&quot;,&quot;form_post_id&quot;:&quot;1628&quot;,&quot;post_id&quot;:1530,&quot;form_type&quot;:&quot;ajax&quot;,&quot;confirmation_type&quot;:&quot;message&quot;,&quot;redirect_url&quot;:&quot;&quot;,&quot;redirect_timeout&quot;:&quot;0&quot;,&quot;field_labels&quot;:{&quot;first_name&quot;:&quot;Imi\\u0119&quot;,&quot;last_name&quot;:&quot;Nazwisko&quot;,&quot;email_address&quot;:&quot;E-mail&quot;,&quot;message&quot;:&quot;Napisz co Ci\\u0119 trapi..&quot;},&quot;field_logics&quot;:{&quot;first_name&quot;:&quot;&quot;,&quot;last_name&quot;:&quot;&quot;,&quot;email_address&quot;:&quot;&quot;,&quot;message&quot;:&quot;&quot;,&quot;notice_1&quot;:&quot;&quot;,&quot;submit_1&quot;:&quot;&quot;},&quot;field_types&quot;:{&quot;first_name&quot;:&quot;text&quot;,&quot;last_name&quot;:&quot;text&quot;,&quot;email_address&quot;:&quot;email&quot;,&quot;message&quot;:&quot;textarea&quot;,&quot;notice_1&quot;:&quot;notice&quot;,&quot;submit_1&quot;:&quot;submit&quot;},&quot;nonce_method&quot;:&quot;ajax&quot;,&quot;form_views&quot;:&quot;ajax&quot;,&quot;form_views_counting&quot;:&quot;all&quot;}\"><form action=\"http:\/\/magdalenanowobilska.pl\/index.php\/contact\/\" method=\"post\" class=\"fusion-form fusion-form-1628\"><div class=\"fusion-fullwidth fullwidth-box fusion-builder-row-2-1 fusion-flex-container nonhundred-percent-fullwidth non-hundred-percent-height-scrolling\" style=\"--awb-border-radius-top-left:0px;--awb-border-radius-top-right:0px;--awb-border-radius-bottom-right:0px;--awb-border-radius-bottom-left:0px;--awb-padding-top:0px;--awb-padding-right:0px;--awb-padding-bottom:0px;--awb-padding-left:0px;--awb-margin-top:0px;--awb-margin-bottom:0px;--awb-flex-wrap:wrap;\" ><div class=\"fusion-builder-row fusion-row fusion-flex-align-items-flex-start fusion-flex-content-wrap\" style=\"width:103% !important;max-width:103% !important;margin-left: calc(-3% \/ 2 );margin-right: calc(-3% \/ 2 );\"><div class=\"fusion-layout-column fusion_builder_column fusion-builder-column-2 fusion_builder_column_1_2 1_2 fusion-flex-column\" style=\"--awb-bg-size:cover;--awb-width-large:50%;--awb-flex-grow:0;--awb-flex-shrink:0;--awb-margin-top-large:0px;--awb-spacing-right-large:2.91%;--awb-margin-bottom-large:0px;--awb-spacing-left-large:2.91%;--awb-width-medium:100%;--awb-order-medium:0;--awb-flex-grow-medium:0;--awb-flex-shrink-medium:0;--awb-spacing-right-medium:1.455%;--awb-spacing-left-medium:1.455%;--awb-width-small:100%;--awb-order-small:0;--awb-flex-grow-small:0;--awb-flex-shrink-small:0;--awb-spacing-right-small:1.455%;--awb-spacing-left-small:1.455%;\"><div class=\"fusion-column-wrapper fusion-column-has-shadow fusion-flex-justify-content-flex-start fusion-content-layout-column\"><div class=\"fusion-form-field fusion-form-text-field fusion-form-label-above\" style=\"\" data-form-id=\"1628\"><div class=\"fusion-form-label-wrapper\"><label for=\"first_name\">Imi\u0119 <abbr class=\"fusion-form-element-required\" title=\"required\">*<\/abbr><\/label><\/div><input type=\"text\" autocomplete=\"off\" name=\"first_name\" id=\"first_name\" value=\"\"  class=\"fusion-form-input\" required=\"true\" aria-required=\"true\" data-holds-private-data=\"false\" minlength=\"0\"\/><\/div><\/div><\/div><div class=\"fusion-layout-column fusion_builder_column fusion-builder-column-3 fusion_builder_column_1_2 1_2 fusion-flex-column\" style=\"--awb-bg-size:cover;--awb-width-large:50%;--awb-flex-grow:0;--awb-flex-shrink:0;--awb-margin-top-large:0px;--awb-spacing-right-large:2.91%;--awb-margin-bottom-large:0px;--awb-spacing-left-large:2.91%;--awb-width-medium:100%;--awb-order-medium:0;--awb-flex-grow-medium:0;--awb-flex-shrink-medium:0;--awb-spacing-right-medium:1.455%;--awb-spacing-left-medium:1.455%;--awb-width-small:100%;--awb-order-small:0;--awb-flex-grow-small:0;--awb-flex-shrink-small:0;--awb-spacing-right-small:1.455%;--awb-spacing-left-small:1.455%;\"><div class=\"fusion-column-wrapper fusion-column-has-shadow fusion-flex-justify-content-flex-start fusion-content-layout-column\"><div class=\"fusion-form-field fusion-form-text-field fusion-form-label-above\" style=\"\" data-form-id=\"1628\"><div class=\"fusion-form-label-wrapper\"><label for=\"last_name\">Nazwisko<\/label><\/div><input type=\"text\" autocomplete=\"off\" name=\"last_name\" id=\"last_name\" value=\"\"  class=\"fusion-form-input\" data-holds-private-data=\"false\" minlength=\"0\"\/><\/div><\/div><\/div><div class=\"fusion-layout-column fusion_builder_column fusion-builder-column-4 fusion_builder_column_1_1 1_1 fusion-flex-column\" style=\"--awb-bg-size:cover;--awb-width-large:100%;--awb-flex-grow:0;--awb-flex-shrink:0;--awb-margin-top-large:0px;--awb-spacing-right-large:1.455%;--awb-margin-bottom-large:0px;--awb-spacing-left-large:1.455%;--awb-width-medium:100%;--awb-order-medium:0;--awb-flex-grow-medium:0;--awb-flex-shrink-medium:0;--awb-spacing-right-medium:1.455%;--awb-spacing-left-medium:1.455%;--awb-width-small:100%;--awb-order-small:0;--awb-flex-grow-small:0;--awb-flex-shrink-small:0;--awb-spacing-right-small:1.455%;--awb-spacing-left-small:1.455%;\"><div class=\"fusion-column-wrapper fusion-column-has-shadow fusion-flex-justify-content-flex-start fusion-content-layout-column\"><div class=\"fusion-form-field fusion-form-email-field fusion-form-label-above\" style=\"\" data-form-id=\"1628\"><div class=\"fusion-form-label-wrapper\"><label for=\"email_address\">E-mail <abbr class=\"fusion-form-element-required\" title=\"required\">*<\/abbr><\/label><\/div><input type=\"email\" autocomplete=\"off\" name=\"email_address\" id=\"email_address\" value=\"\"  class=\"fusion-form-input\" required=\"true\" aria-required=\"true\" data-holds-private-data=\"false\"\/><\/div><div class=\"fusion-form-field fusion-form-textarea-field fusion-form-label-above\" style=\"\" data-form-id=\"1628\"><label for=\"message\">Napisz co Ci\u0119 trapi.. <abbr class=\"fusion-form-element-required\" title=\"required\">*<\/abbr><\/label><textarea cols=\"40\" autocomplete=\"off\"  minlength=\"0\"  rows=\"4\" tabindex=\"\" id=\"message\" name=\"message\" class=\"fusion-form-input\" required=\"true\" aria-required=\"true\" data-holds-private-data=\"false\"><\/textarea><\/div><div class=\"form-submission-notices data-notice_1\" id=\"fusion-notices-1\"><div class=\"fusion-alert alert success alert-success fusion-alert-center fusion-form-response fusion-form-response-success awb-alert-native-link-color alert-dismissable awb-alert-close-boxed\" role=\"alert\"><div class=\"fusion-alert-content-wrapper\"><span class=\"alert-icon\"><i class=\"awb-icon-check-circle\" aria-hidden=\"true\"><\/i><\/span><span class=\"fusion-alert-content\">Thank you for your message. It has been sent.<\/span><\/div><button type=\"button\" class=\"close toggle-alert\" data-dismiss=\"alert\" aria-label=\"Close\">&times;<\/button><\/div><div class=\"fusion-alert alert error alert-danger fusion-alert-center fusion-form-response fusion-form-response-error awb-alert-native-link-color alert-dismissable awb-alert-close-boxed\" role=\"alert\"><div class=\"fusion-alert-content-wrapper\"><span class=\"alert-icon\"><i class=\"awb-icon-exclamation-triangle\" aria-hidden=\"true\"><\/i><\/span><span class=\"fusion-alert-content\">There was an error trying to send your message. Please try again later.<\/span><\/div><button type=\"button\" class=\"close toggle-alert\" data-dismiss=\"alert\" aria-label=\"Close\">&times;<\/button><\/div><\/div><div class=\"fusion-form-field fusion-form-submit-field fusion-form-label-above\" style=\"\" data-form-id=\"1628\"><div ><button type=\"submit\" class=\"fusion-button button-flat button-xlarge button-custom fusion-button-default button-1 fusion-button-default-span  button-default form-form-submit\" style=\"--button_accent_color:#ffffff;--button_accent_hover_color:#ffffff;--button_border_hover_color:#ffffff;--button_gradient_top_color:#192b6b;--button_gradient_bottom_color:#192b6b;--button_gradient_top_color_hover:#006262;--button_gradient_bottom_color_hover:#006262;\" data-form-number=\"1628\" tabindex=\"\"><span class=\"fusion-button-text awb-button__text awb-button__text--default\">Wy\u015blij list!<\/span><\/button><\/div><\/div><\/div><\/div><\/div><\/div><\/form><\/div><\/div><\/div><div class=\"fusion-layout-column fusion_builder_column fusion-builder-column-5 fusion_builder_column_2_5 2_5 fusion-flex-column fusion-animated\" style=\"--awb-bg-size:cover;--awb-width-large:40%;--awb-flex-grow:0;--awb-flex-shrink:0;--awb-margin-top-large:0px;--awb-spacing-right-large:calc( 0.125 * calc( 100% - 7vw ) );--awb-margin-bottom-large:0px;--awb-spacing-left-large:3.5vw;--awb-width-medium:100%;--awb-flex-grow-medium:0;--awb-flex-shrink-medium:0;--awb-spacing-right-medium:3.5vw;--awb-spacing-left-medium:3.5vw;--awb-width-small:100%;--awb-flex-grow-small:0;--awb-flex-shrink-small:0;--awb-spacing-right-small:3.5vw;--awb-spacing-left-small:3.5vw;\" data-animationType=\"fadeInUp\" data-animationDuration=\"1.3\" data-animationOffset=\"top-into-view\"><div class=\"fusion-column-wrapper fusion-column-has-shadow fusion-flex-justify-content-center fusion-content-layout-column\"><div class=\"fusion-text fusion-text-1\" style=\"--awb-content-alignment:left;--awb-font-size:14px;--awb-letter-spacing:3px;--awb-text-color:#ffffff;\"><p>NIE CZEKAJ NA LEPSZY MOMENT<\/p>\n<\/div><div class=\"fusion-text fusion-text-2\" style=\"--awb-content-alignment:left;--awb-font-size:17px;--awb-text-color:#ffffff;\"><p>bo zapewne nie nadejdzie. Neurotyczno\u015b\u0107, bezradno\u015b\u0107 i poczucie zagubienia w \u015bwiecie, kt\u00f3ry wydaje si\u0119 ma\u0142o \u017cyczliwy. Napi\u0119cie i usztywnienie, chcesz zmiany stanu obecnego, ale nie wiesz gdzie masz d\u0105\u017cy\u0107. Je\u015bli to o Tobie&#8230;<\/p>\n<\/div><div ><a class=\"fusion-button button-flat fusion-button-default-size button-custom fusion-button-default button-2 fusion-button-default-span fusion-button-default-type\" style=\"--button_accent_color:#192b6b;--button_accent_hover_color:#ffffff;--button_border_hover_color:#ffffff;--button_border_width-top:0px;--button_border_width-right:0px;--button_border_width-bottom:0px;--button_border_width-left:0px;--button_gradient_top_color:#ffffff;--button_gradient_bottom_color:#ffffff;--button_gradient_top_color_hover:#a66d3f;--button_gradient_bottom_color_hover:#a66d3f;--button_typography-font-family:&quot;Poppins&quot;;--button_typography-font-style:normal;--button_typography-font-weight:500;--button_margin-top:20px;\" target=\"_self\" href=\"https:\/\/www.naffy.io\/magdapsycholog\/konsultacja-psychologiczna-50min\"><span class=\"fusion-button-text awb-button__text awb-button__text--default\">Um\u00f3w si\u0119 na pierwsze spotkanie<\/span><\/a><\/div><\/div><\/div><\/div><\/div><\/p>\n","protected":false},"excerpt":{"rendered":"","protected":false},"author":1,"featured_media":0,"parent":0,"menu_order":0,"comment_status":"closed","ping_status":"closed","template":"100-width.php","meta":{"footnotes":""},"class_list":["post-1530","page","type-page","status-publish","hentry"],"jetpack-related-posts":[],"jetpack_sharing_enabled":true,"_links":{"self":[{"href":"http:\/\/magdalenanowobilska.pl\/index.php\/wp-json\/wp\/v2\/pages\/1530","targetHints":{"allow":["GET"]}}],"collection":[{"href":"http:\/\/magdalenanowobilska.pl\/index.php\/wp-json\/wp\/v2\/pages"}],"about":[{"href":"http:\/\/magdalenanowobilska.pl\/index.php\/wp-json\/wp\/v2\/types\/page"}],"author":[{"embeddable":true,"href":"http:\/\/magdalenanowobilska.pl\/index.php\/wp-json\/wp\/v2\/users\/1"}],"replies":[{"embeddable":true,"href":"http:\/\/magdalenanowobilska.pl\/index.php\/wp-json\/wp\/v2\/comments?post=1530"}],"version-history":[{"count":19,"href":"http:\/\/magdalenanowobilska.pl\/index.php\/wp-json\/wp\/v2\/pages\/1530\/revisions"}],"predecessor-version":[{"id":2489,"href":"http:\/\/magdalenanowobilska.pl\/index.php\/wp-json\/wp\/v2\/pages\/1530\/revisions\/2489"}],"wp:attachment":[{"href":"http:\/\/magdalenanowobilska.pl\/index.php\/wp-json\/wp\/v2\/media?parent=1530"}],"curies":[{"name":"wp","href":"https:\/\/api.w.org\/{rel}","templated":true}]}}